{"id":638,"date":"2025-09-07T15:03:53","date_gmt":"2025-09-07T15:03:53","guid":{"rendered":"https:\/\/erinnakoenig.com\/?page_id=638"},"modified":"2026-01-26T10:37:02","modified_gmt":"2026-01-26T10:37:02","slug":"beyond-upco-ek-studio-duesseldorf-2025","status":"publish","type":"page","link":"https:\/\/erinnakoenig.de\/en\/ausstellungen\/einzelausstellungen\/beyond-upco-ek-studio-duesseldorf-2025\/","title":{"rendered":"BEYOND, UP&amp;CO @ EK STUDIO, D\u00fcsseldorf, 2025"},"content":{"rendered":"<p>[et_pb_section fb_built=&#8220;1&#8243; _builder_version=&#8220;4.27.4&#8243; _module_preset=&#8220;default&#8220; global_colors_info=&#8220;{}&#8220;][et_pb_row _builder_version=&#8220;4.27.4&#8243; _module_preset=&#8220;default&#8220; global_colors_info=&#8220;{}&#8220;][et_pb_column type=&#8220;4_4&#8243; _builder_version=&#8220;4.27.4&#8243; _module_preset=&#8220;default&#8220; global_colors_info=&#8220;{}&#8220;][et_pb_heading title=&#8220;BEYOND, UP&#038;CO @ EK STUDIO, D\u00fcsseldorf, 2025&#8243; _builder_version=&#8220;4.27.4&#8243; _module_preset=&#8220;default&#8220; title_font=&#8220;Avenir Light|100||on|||||&#8220; title_text_align=&#8220;right&#8220; global_colors_info=&#8220;{}&#8220;][\/et_pb_heading][\/et_pb_column][\/et_pb_row][et_pb_row column_structure=&#8220;3_5,2_5&#8243; _builder_version=&#8220;4.27.4&#8243; _module_preset=&#8220;default&#8220; global_colors_info=&#8220;{}&#8220;][et_pb_column type=&#8220;3_5&#8243; _builder_version=&#8220;4.27.4&#8243; _module_preset=&#8220;default&#8220; global_colors_info=&#8220;{}&#8220;][et_pb_text _builder_version=&#8220;4.27.4&#8243; _module_preset=&#8220;default&#8220; global_colors_info=&#8220;{}&#8220;]<\/p>\n<p><strong>BEYOND<\/strong><br \/>ERINNA K\u00d6NIG<\/p>\n<p>This third solo exhibition of Erinna K\u00f6nigs \u00fcberpolitical sculptural paintings forms the climax of the series exhibiting previously unseen work spanning four decades.<\/p>\n<p>BEYOND\u00a0spurs the viewer to look further, feel deeper, be transported \u2018beyond\u2019 by K\u00f6nig\u2019s masterful compositions, boldly composed with wit and finesse.<\/p>\n<p>Erinna K\u00f6nig charges found objects with innuendo combining the personal with the political, the individial with the universal, purposefully proposing profound perspectives.<\/p>\n<p><span lang=\"en-US\">Inserting, collaging, chiseling, nailing, painting, hammering, sawing or sewing \u2013 in limitless variations infuses Erinna K\u00f6nig her compositions with deep meaning. E<\/span>loquently<span lang=\"en-US\"> she merges contrasts and paradoxes into one idiomatic language both abstract and figurative. <\/span><\/p>\n<p>With playful easy she weaves narratives from seemingly random points of departure. A shadow, plywood, scaffolding plank, brick, asbestos cladding, household furniture, her own body or an ironing board, with a twist they tell a new tale. Nothing is left to chance, every minute detail carefully considered. Aesthetic values weigh as much as symbolic references, cut angles, choices of colour or paint, artisanal proficiency or a piece\u2019s provenance.<\/p>\n<p><span lang=\"en-US\">With singular drive young Erinna K\u00f6nig enters the D\u00fcsseldorf art academy in 1967 to study scenography under Teo Otto, graphics under <\/span>Dieter Roth, then joins Joseph Beuys\u2019 master class and in 1974 creates the first ever moving image in the first film class under Ole John Povlsen. Elected president of the first D\u00fcsseldorf Academy student parliament, she also reads comparative languages and religious studies \/ Judaism at the universities of Cologne and Bonn.<\/p>\n<p>Following a decade of political activism, in 1982 Erinna K\u00f6nig reengages with her early work at the academy to create her distinctive mature work beautiful and strong, perplexing and thoughtprovoking. Her enigmatic symbolism poses personal and political puzzles in stylish conjugations evoking questions irking mankind.<\/p>\n<p>Uscha Pohl<\/p>\n<p>&nbsp;<\/p>\n<p>[\/et_pb_text][\/et_pb_column][et_pb_column type=&#8220;2_5&#8243; _builder_version=&#8220;4.27.4&#8243; _module_preset=&#8220;default&#8220; global_colors_info=&#8220;{}&#8220;][et_pb_image src=&#8220;https:\/\/erinnakoenig.de\/wp-content\/uploads\/2025\/09\/byond_s.png&#8220; title_text=&#8220;byond_s&#8220; _builder_version=&#8220;4.27.4&#8243; _module_preset=&#8220;default&#8220; custom_margin=&#8220;60px||||false|false&#8220; custom_margin_tablet=&#8220;0px||||false|false&#8220; custom_margin_phone=&#8220;0px||||false|false&#8220; custom_margin_last_edited=&#8220;on|desktop&#8220; global_colors_info=&#8220;{}&#8220;][\/et_pb_image][\/et_pb_column][\/et_pb_row][et_pb_row column_structure=&#8220;1_5,1_5,1_5,1_5,1_5&#8243; _builder_version=&#8220;4.27.4&#8243; _module_preset=&#8220;default&#8220; global_colors_info=&#8220;{}&#8220;][et_pb_column type=&#8220;1_5&#8243; _builder_version=&#8220;4.27.4&#8243; _module_preset=&#8220;default&#8220; global_colors_info=&#8220;{}&#8220;][et_pb_video src=&#8220;https:\/\/erinnakoenig.de\/wp-content\/uploads\/2025\/09\/Beyond1_Insta6.mp4&#8243; src_webm=&#8220;https:\/\/erinnakoenig.de\/wp-content\/uploads\/2025\/09\/Beyond1_Insta6.webm&#8220; _builder_version=&#8220;4.27.4&#8243; _module_preset=&#8220;default&#8220; global_colors_info=&#8220;{}&#8220;][\/et_pb_video][\/et_pb_column][et_pb_column type=&#8220;1_5&#8243; _builder_version=&#8220;4.27.4&#8243; _module_preset=&#8220;default&#8220; global_colors_info=&#8220;{}&#8220;][et_pb_video src=&#8220;https:\/\/erinnakoenig.de\/wp-content\/uploads\/2025\/09\/Beyond1_Insta1.mp4&#8243; src_webm=&#8220;https:\/\/erinnakoenig.de\/wp-content\/uploads\/2025\/09\/Beyond1_Insta1.webm&#8220; _builder_version=&#8220;4.27.4&#8243; _module_preset=&#8220;default&#8220; global_colors_info=&#8220;{}&#8220;][\/et_pb_video][\/et_pb_column][et_pb_column type=&#8220;1_5&#8243; _builder_version=&#8220;4.27.4&#8243; _module_preset=&#8220;default&#8220; global_colors_info=&#8220;{}&#8220;][et_pb_video src=&#8220;https:\/\/erinnakoenig.de\/wp-content\/uploads\/2025\/09\/Beyond1_Insta2.mp4&#8243; src_webm=&#8220;https:\/\/erinnakoenig.de\/wp-content\/uploads\/2025\/09\/Beyond1_Insta2.webm&#8220; _builder_version=&#8220;4.27.4&#8243; _module_preset=&#8220;default&#8220; global_colors_info=&#8220;{}&#8220;][\/et_pb_video][\/et_pb_column][et_pb_column type=&#8220;1_5&#8243; _builder_version=&#8220;4.27.4&#8243; _module_preset=&#8220;default&#8220; global_colors_info=&#8220;{}&#8220;][et_pb_video src=&#8220;https:\/\/erinnakoenig.de\/wp-content\/uploads\/2025\/09\/Beyond1_Insta3.mp4&#8243; src_webm=&#8220;https:\/\/erinnakoenig.de\/wp-content\/uploads\/2025\/09\/Beyond1_Insta3.webm&#8220; _builder_version=&#8220;4.27.4&#8243; _module_preset=&#8220;default&#8220; global_colors_info=&#8220;{}&#8220;][\/et_pb_video][\/et_pb_column][et_pb_column type=&#8220;1_5&#8243; _builder_version=&#8220;4.27.4&#8243; _module_preset=&#8220;default&#8220; global_colors_info=&#8220;{}&#8220;][et_pb_video src=&#8220;https:\/\/erinnakoenig.de\/wp-content\/uploads\/2025\/09\/Beyond1_Insta4.mp4&#8243; src_webm=&#8220;https:\/\/erinnakoenig.de\/wp-content\/uploads\/2025\/09\/Beyond1_Insta4.webm&#8220; _builder_version=&#8220;4.27.4&#8243; _module_preset=&#8220;default&#8220; global_colors_info=&#8220;{}&#8220;][\/et_pb_video][\/et_pb_column][\/et_pb_row][et_pb_row _builder_version=&#8220;4.27.4&#8243; _module_preset=&#8220;default&#8220; global_colors_info=&#8220;{}&#8220;][et_pb_column type=&#8220;4_4&#8243; _builder_version=&#8220;4.27.4&#8243; _module_preset=&#8220;default&#8220; global_colors_info=&#8220;{}&#8220;][et_pb_gallery gallery_ids=&#8220;878,877,879,880,881,882,883,884,885,886,887,888,889,890,891,892,894,893,895,896,897,898,899,900,901,902,903,904,905,906,907,908&#8243; _builder_version=&#8220;4.27.4&#8243; _module_preset=&#8220;default&#8220; global_colors_info=&#8220;{}&#8220;][\/et_pb_gallery][\/et_pb_column][\/et_pb_row][et_pb_row _builder_version=&#8220;4.27.4&#8243; _module_preset=&#8220;default&#8220; global_colors_info=&#8220;{}&#8220;][et_pb_column type=&#8220;4_4&#8243; _builder_version=&#8220;4.27.4&#8243; _module_preset=&#8220;default&#8220; global_colors_info=&#8220;{}&#8220;][et_pb_gallery gallery_ids=&#8220;862,861,866,865,864,863,867,868,869,870,871,872,874,873,875,876&#8243; _builder_version=&#8220;4.27.5&#8243; _module_preset=&#8220;default&#8220; hover_enabled=&#8220;0&#8243; global_colors_info=&#8220;{}&#8220; sticky_enabled=&#8220;0&#8243;][\/et_pb_gallery][\/et_pb_column][\/et_pb_row][\/et_pb_section]<\/p>\n","protected":false},"excerpt":{"rendered":"<p>BEYONDERINNA K\u00d6NIG This third solo exhibition of Erinna K\u00f6nigs \u00fcberpolitical sculptural paintings forms the climax of the series exhibiting previously unseen work spanning four decades. BEYOND\u00a0spurs the viewer to look further, feel deeper, be transported \u2018beyond\u2019 by K\u00f6nig\u2019s masterful compositions, boldly composed with wit and finesse. Erinna K\u00f6nig charges found objects with innuendo combining the [&hellip;]<\/p>\n","protected":false},"author":3,"featured_media":0,"parent":271,"menu_order":0,"comment_status":"closed","ping_status":"closed","template":"","meta":{"_et_pb_use_builder":"on","_et_pb_old_content":"","_et_gb_content_width":"","footnotes":""},"class_list":["post-638","page","type-page","status-publish","hentry"],"yoast_head":"<!-- This site is optimized with the Yoast SEO plugin v27.4 - https:\/\/yoast.com\/product\/yoast-seo-wordpress\/ -->\n<title>BEYOND,\u00a0UP&amp;CO @ EK STUDIO, D\u00fcsseldorf, 2025 | ERINNA K\u00d6NIG<\/title>\n<meta name=\"description\" content=\"Erinna K\u00f6nig (deutsch, 1947-2021), Meistersch\u00fclerin von Joseph Beuys an der D\u00fcsseldorfer Kunstakademie, verwandelte Fundobjekte zu eloquenter aesthetischer Skulptur-Malerei.\" \/>\n<meta name=\"robots\" content=\"index, follow, max-snippet:-1, max-image-preview:large, max-video-preview:-1\" \/>\n<link rel=\"canonical\" href=\"https:\/\/erinnakoenig.de\/en\/ausstellungen\/einzelausstellungen\/beyond-upco-ek-studio-duesseldorf-2025\/\" \/>\n<meta property=\"og:locale\" content=\"en_GB\" \/>\n<meta property=\"og:type\" content=\"article\" \/>\n<meta property=\"og:title\" content=\"BEYOND,\u00a0UP&amp;CO @ EK STUDIO, D\u00fcsseldorf, 2025 | ERINNA K\u00d6NIG\" \/>\n<meta property=\"og:description\" content=\"Erinna K\u00f6nig (deutsch, 1947-2021), Meistersch\u00fclerin von Joseph Beuys an der D\u00fcsseldorfer Kunstakademie, verwandelte Fundobjekte zu eloquenter aesthetischer Skulptur-Malerei.\" \/>\n<meta property=\"og:url\" content=\"https:\/\/erinnakoenig.de\/en\/ausstellungen\/einzelausstellungen\/beyond-upco-ek-studio-duesseldorf-2025\/\" \/>\n<meta property=\"og:site_name\" content=\"ERINNA K\u00d6NIG\" \/>\n<meta property=\"article:modified_time\" content=\"2026-01-26T10:37:02+00:00\" \/>\n<meta property=\"og:image\" content=\"https:\/\/erinnakoenig.de\/wp-content\/uploads\/2025\/08\/Selbst-Portrait-1968-01.webp\" \/>\n\t<meta property=\"og:image:width\" content=\"1000\" \/>\n\t<meta property=\"og:image:height\" content=\"1000\" \/>\n\t<meta property=\"og:image:type\" content=\"image\/webp\" \/>\n<meta name=\"twitter:card\" content=\"summary_large_image\" \/>\n<meta name=\"twitter:label1\" content=\"Estimated reading time\" \/>\n\t<meta name=\"twitter:data1\" content=\"4 minutes\" \/>\n<script type=\"application\/ld+json\" class=\"yoast-schema-graph\">{\"@context\":\"https:\\\/\\\/schema.org\",\"@graph\":[{\"@type\":\"WebPage\",\"@id\":\"https:\\\/\\\/erinnakoenig.de\\\/ausstellungen\\\/einzelausstellungen\\\/beyond-upco-ek-studio-duesseldorf-2025\\\/\",\"url\":\"https:\\\/\\\/erinnakoenig.de\\\/ausstellungen\\\/einzelausstellungen\\\/beyond-upco-ek-studio-duesseldorf-2025\\\/\",\"name\":\"BEYOND,\u00a0UP&amp;CO @ EK STUDIO, D\u00fcsseldorf, 2025 | ERINNA K\u00d6NIG\",\"isPartOf\":{\"@id\":\"https:\\\/\\\/erinnakoenig.de\\\/#website\"},\"datePublished\":\"2025-09-07T15:03:53+00:00\",\"dateModified\":\"2026-01-26T10:37:02+00:00\",\"description\":\"Erinna K\u00f6nig (deutsch, 1947-2021), Meistersch\u00fclerin von Joseph Beuys an der D\u00fcsseldorfer Kunstakademie, verwandelte Fundobjekte zu eloquenter aesthetischer Skulptur-Malerei.\",\"breadcrumb\":{\"@id\":\"https:\\\/\\\/erinnakoenig.de\\\/ausstellungen\\\/einzelausstellungen\\\/beyond-upco-ek-studio-duesseldorf-2025\\\/#breadcrumb\"},\"inLanguage\":\"en-GB\",\"potentialAction\":[{\"@type\":\"ReadAction\",\"target\":[\"https:\\\/\\\/erinnakoenig.de\\\/ausstellungen\\\/einzelausstellungen\\\/beyond-upco-ek-studio-duesseldorf-2025\\\/\"]}]},{\"@type\":\"BreadcrumbList\",\"@id\":\"https:\\\/\\\/erinnakoenig.de\\\/ausstellungen\\\/einzelausstellungen\\\/beyond-upco-ek-studio-duesseldorf-2025\\\/#breadcrumb\",\"itemListElement\":[{\"@type\":\"ListItem\",\"position\":1,\"name\":\"Startseite\",\"item\":\"https:\\\/\\\/erinnakoenig.de\\\/\"},{\"@type\":\"ListItem\",\"position\":2,\"name\":\"Ausstellungen\",\"item\":\"https:\\\/\\\/erinnakoenig.de\\\/ausstellungen\\\/\"},{\"@type\":\"ListItem\",\"position\":3,\"name\":\"Einzelausstellungen\",\"item\":\"https:\\\/\\\/erinnakoenig.de\\\/ausstellungen\\\/einzelausstellungen\\\/\"},{\"@type\":\"ListItem\",\"position\":4,\"name\":\"BEYOND,\u00a0UP&amp;CO @ EK STUDIO, D\u00fcsseldorf, 2025\"}]},{\"@type\":\"WebSite\",\"@id\":\"https:\\\/\\\/erinnakoenig.de\\\/#website\",\"url\":\"https:\\\/\\\/erinnakoenig.de\\\/\",\"name\":\"ERINNA K\u00d6NIG\",\"description\":\"EK STUDIO - D\u00fcsseldorf\",\"publisher\":{\"@id\":\"https:\\\/\\\/erinnakoenig.de\\\/#organization\"},\"potentialAction\":[{\"@type\":\"SearchAction\",\"target\":{\"@type\":\"EntryPoint\",\"urlTemplate\":\"https:\\\/\\\/erinnakoenig.de\\\/?s={search_term_string}\"},\"query-input\":{\"@type\":\"PropertyValueSpecification\",\"valueRequired\":true,\"valueName\":\"search_term_string\"}}],\"inLanguage\":\"en-GB\"},{\"@type\":\"Organization\",\"@id\":\"https:\\\/\\\/erinnakoenig.de\\\/#organization\",\"name\":\"EK STUDIO\",\"url\":\"https:\\\/\\\/erinnakoenig.de\\\/\",\"logo\":{\"@type\":\"ImageObject\",\"inLanguage\":\"en-GB\",\"@id\":\"https:\\\/\\\/erinnakoenig.de\\\/#\\\/schema\\\/logo\\\/image\\\/\",\"url\":\"https:\\\/\\\/erinnakoenig.de\\\/wp-content\\\/uploads\\\/2025\\\/08\\\/cropped-FAV.png\",\"contentUrl\":\"https:\\\/\\\/erinnakoenig.de\\\/wp-content\\\/uploads\\\/2025\\\/08\\\/cropped-FAV.png\",\"width\":512,\"height\":512,\"caption\":\"EK STUDIO\"},\"image\":{\"@id\":\"https:\\\/\\\/erinnakoenig.de\\\/#\\\/schema\\\/logo\\\/image\\\/\"},\"sameAs\":[\"https:\\\/\\\/www.instagram.com\\\/erinnakoenig\\\/\"]}]}<\/script>\n<!-- \/ Yoast SEO plugin. -->","yoast_head_json":{"title":"BEYOND,\u00a0UP&amp;CO @ EK STUDIO, D\u00fcsseldorf, 2025 | ERINNA K\u00d6NIG","description":"Erinna K\u00f6nig (deutsch, 1947-2021), Meistersch\u00fclerin von Joseph Beuys an der D\u00fcsseldorfer Kunstakademie, verwandelte Fundobjekte zu eloquenter aesthetischer Skulptur-Malerei.","robots":{"index":"index","follow":"follow","max-snippet":"max-snippet:-1","max-image-preview":"max-image-preview:large","max-video-preview":"max-video-preview:-1"},"canonical":"https:\/\/erinnakoenig.de\/en\/ausstellungen\/einzelausstellungen\/beyond-upco-ek-studio-duesseldorf-2025\/","og_locale":"en_GB","og_type":"article","og_title":"BEYOND,\u00a0UP&amp;CO @ EK STUDIO, D\u00fcsseldorf, 2025 | ERINNA K\u00d6NIG","og_description":"Erinna K\u00f6nig (deutsch, 1947-2021), Meistersch\u00fclerin von Joseph Beuys an der D\u00fcsseldorfer Kunstakademie, verwandelte Fundobjekte zu eloquenter aesthetischer Skulptur-Malerei.","og_url":"https:\/\/erinnakoenig.de\/en\/ausstellungen\/einzelausstellungen\/beyond-upco-ek-studio-duesseldorf-2025\/","og_site_name":"ERINNA K\u00d6NIG","article_modified_time":"2026-01-26T10:37:02+00:00","og_image":[{"width":1000,"height":1000,"url":"https:\/\/erinnakoenig.de\/wp-content\/uploads\/2025\/08\/Selbst-Portrait-1968-01.webp","type":"image\/webp"}],"twitter_card":"summary_large_image","twitter_misc":{"Estimated reading time":"4 minutes"},"schema":{"@context":"https:\/\/schema.org","@graph":[{"@type":"WebPage","@id":"https:\/\/erinnakoenig.de\/ausstellungen\/einzelausstellungen\/beyond-upco-ek-studio-duesseldorf-2025\/","url":"https:\/\/erinnakoenig.de\/ausstellungen\/einzelausstellungen\/beyond-upco-ek-studio-duesseldorf-2025\/","name":"BEYOND,\u00a0UP&amp;CO @ EK STUDIO, D\u00fcsseldorf, 2025 | ERINNA K\u00d6NIG","isPartOf":{"@id":"https:\/\/erinnakoenig.de\/#website"},"datePublished":"2025-09-07T15:03:53+00:00","dateModified":"2026-01-26T10:37:02+00:00","description":"Erinna K\u00f6nig (deutsch, 1947-2021), Meistersch\u00fclerin von Joseph Beuys an der D\u00fcsseldorfer Kunstakademie, verwandelte Fundobjekte zu eloquenter aesthetischer Skulptur-Malerei.","breadcrumb":{"@id":"https:\/\/erinnakoenig.de\/ausstellungen\/einzelausstellungen\/beyond-upco-ek-studio-duesseldorf-2025\/#breadcrumb"},"inLanguage":"en-GB","potentialAction":[{"@type":"ReadAction","target":["https:\/\/erinnakoenig.de\/ausstellungen\/einzelausstellungen\/beyond-upco-ek-studio-duesseldorf-2025\/"]}]},{"@type":"BreadcrumbList","@id":"https:\/\/erinnakoenig.de\/ausstellungen\/einzelausstellungen\/beyond-upco-ek-studio-duesseldorf-2025\/#breadcrumb","itemListElement":[{"@type":"ListItem","position":1,"name":"Startseite","item":"https:\/\/erinnakoenig.de\/"},{"@type":"ListItem","position":2,"name":"Ausstellungen","item":"https:\/\/erinnakoenig.de\/ausstellungen\/"},{"@type":"ListItem","position":3,"name":"Einzelausstellungen","item":"https:\/\/erinnakoenig.de\/ausstellungen\/einzelausstellungen\/"},{"@type":"ListItem","position":4,"name":"BEYOND,\u00a0UP&amp;CO @ EK STUDIO, D\u00fcsseldorf, 2025"}]},{"@type":"WebSite","@id":"https:\/\/erinnakoenig.de\/#website","url":"https:\/\/erinnakoenig.de\/","name":"ERINNA K\u00d6NIG","description":"EK STUDIO - D\u00fcsseldorf","publisher":{"@id":"https:\/\/erinnakoenig.de\/#organization"},"potentialAction":[{"@type":"SearchAction","target":{"@type":"EntryPoint","urlTemplate":"https:\/\/erinnakoenig.de\/?s={search_term_string}"},"query-input":{"@type":"PropertyValueSpecification","valueRequired":true,"valueName":"search_term_string"}}],"inLanguage":"en-GB"},{"@type":"Organization","@id":"https:\/\/erinnakoenig.de\/#organization","name":"EK STUDIO","url":"https:\/\/erinnakoenig.de\/","logo":{"@type":"ImageObject","inLanguage":"en-GB","@id":"https:\/\/erinnakoenig.de\/#\/schema\/logo\/image\/","url":"https:\/\/erinnakoenig.de\/wp-content\/uploads\/2025\/08\/cropped-FAV.png","contentUrl":"https:\/\/erinnakoenig.de\/wp-content\/uploads\/2025\/08\/cropped-FAV.png","width":512,"height":512,"caption":"EK STUDIO"},"image":{"@id":"https:\/\/erinnakoenig.de\/#\/schema\/logo\/image\/"},"sameAs":["https:\/\/www.instagram.com\/erinnakoenig\/"]}]}},"_links":{"self":[{"href":"https:\/\/erinnakoenig.de\/en\/wp-json\/wp\/v2\/pages\/638","targetHints":{"allow":["GET"]}}],"collection":[{"href":"https:\/\/erinnakoenig.de\/en\/wp-json\/wp\/v2\/pages"}],"about":[{"href":"https:\/\/erinnakoenig.de\/en\/wp-json\/wp\/v2\/types\/page"}],"author":[{"embeddable":true,"href":"https:\/\/erinnakoenig.de\/en\/wp-json\/wp\/v2\/users\/3"}],"replies":[{"embeddable":true,"href":"https:\/\/erinnakoenig.de\/en\/wp-json\/wp\/v2\/comments?post=638"}],"version-history":[{"count":19,"href":"https:\/\/erinnakoenig.de\/en\/wp-json\/wp\/v2\/pages\/638\/revisions"}],"predecessor-version":[{"id":2343,"href":"https:\/\/erinnakoenig.de\/en\/wp-json\/wp\/v2\/pages\/638\/revisions\/2343"}],"up":[{"embeddable":true,"href":"https:\/\/erinnakoenig.de\/en\/wp-json\/wp\/v2\/pages\/271"}],"wp:attachment":[{"href":"https:\/\/erinnakoenig.de\/en\/wp-json\/wp\/v2\/media?parent=638"}],"curies":[{"name":"wp","href":"https:\/\/api.w.org\/{rel}","templated":true}]}}